{"id":9,"date":"2017-12-17T10:21:17","date_gmt":"2017-12-17T09:21:17","guid":{"rendered":"http:\/\/kobayashi-tools.com\/de\/?page_id=9"},"modified":"2021-02-02T09:54:40","modified_gmt":"2021-02-02T08:54:40","slug":"hot-forging","status":"publish","type":"page","link":"https:\/\/kobayashi-tools.com\/de\/hot-forging","title":{"rendered":"Warmschmiedetechnologie"},"content":{"rendered":"<div class=\"row kaji\">\n<h2>KOBAYASHI TOOLs Warmschmiedetechnologie<\/h2>\n<h3>Drei Gr\u00fcnde f\u00fcr das Leistungsangebot der KOBAYASHI TOOL MFG:<\/h3>\n<div class=\"title-num\">\n<h4>1 Unser Qualit\u00e4tsversprechen<\/h4>\n<\/div>\n<p>Die notwendige Festigkeit unserer Produkte garantiert das Pr\u00e4zisionsschmiedeverfahren mit einem Luftdruckhammer. KOBAYASHI TOOL MFG Produkte haben ein einzigartiges Leistungsversprechen und sind von h\u00f6chster Qualit\u00e4t. Die Bedienung des Luftdruckhammers durch unsere Mitarbeiter Bedarf eines iterativen Anpassungsprozesses der Schlagenergie durch die Pedale. Der Schmiedevorgang ben\u00f6tigt Zeit, Arbeit und erfordert Erfahrung f\u00fcr Feineinstellungen von Temperatur, Geschwindigkeit und Druck. Wir sind stolz auf unsere technischen F\u00e4higkeiten und Kenntnisse, die es unseren qualifizierten Mitarbeitern erm\u00f6glichen, ein seltenes, hochqualitatives Produkt herzustellen. Ein vergleichbares Produkt der Marke\u00a0 &#8220;Made in Japan&#8221; k\u00f6nnen unsere Kunden nur von uns beziehen.<\/p>\n<div class=\"title-num\">\n<h4>2 Strikte Qualit\u00e4tskontrollen<\/h4>\n<\/div>\n<p>Unsere Abteilung f\u00fcr Eisenverarbeitung hat den internationalen Standard ISO9001. Basierend auf diesem internationalen Standard wurde ein strenges Qualit\u00e4tskontrollsystem etabliert. Unser vielschichtiges Kontrollsystem \u2013 beginnend bei der Wareneingangskontrolle und Kontrollsystemen im Zuge der Verarbeitung der Produkte bis hin zur finalen Inspektion der Waren vor der Auslieferung &#8211; garantiert, dass keine fehlerhaften Produkte ausgeliefert werden. Viele unserer Mitarbeiter verf\u00fcgen zudem \u00fcber (nationale) Qualifikationsnachweise im Bereich der Schmiedetechnologie. Im Zuge unseres Wertsch\u00f6pfungsprozesses setzen wir lediglich kompetente Mitarbeiter und zuverl\u00e4ssige Technologien ein, um hochqualitative Produkte f\u00fcr unterschiedlichste Kundenbed\u00fcrfnisse produzieren zu k\u00f6nnen. KOBAYASHI TOOL MFG Produktionsanlagen sind au\u00dferdem mit Messger\u00e4ten wie Venustaster, Mikrometern und Feucht-Magnetpulverpr\u00fcfger\u00e4ten ausgestattet. Messungen mit einer Koordinatenmessmaschine (CMM) und einem H\u00e4rtetester sind ebenfalls m\u00f6glich.<\/p>\n<div class=\"title-num\">\n<h4>3 Flexibles Produktionssystem<\/h4>\n<\/div>\n<p>Mit der Kernkompetenz im Bereich der Warmschmiedetechnologie bietet die KOBAYASHI TOOL MFG Dienstleistungen im Zerspanen, der Montage, der W\u00e4rmebehandlung, dem Kugelstrahlen und der Inspektion an. Unsere Arbeit wird mit gro\u00dfer Verantwortung und Engagement durchgef\u00fchrt. Die hergestellten Teile und Komponenten werden in Maschinen eingesetzt, die eine hohe Festigkeit erfordern: beispielsweise Sicherheitskomponenten von Baumaschinen, Automobil-, LKW- und Motorradteile, Kraft\u00fcbertragungsteile und verschiedene Getriebesysteme. Wir liefern unsere Produkte weltweit an globale Unternehmen und haben zahlreiche Partnerunternehmen. Neben unserer Kernkompetenz der Warmschmiedetechnologie, bieten wir zudem weitere Leistungen im Bereich der Kaltschmiedetechnologie und Spezialanfertigungen an. Anlagen mit neuster Technologie und die F\u00e4higkeiten unserer Mitarbeiter erm\u00f6glichen die pr\u00e4zise Herstellung von Teilen und Produkten. Bitte z\u00f6gern Sie nicht uns zu kontaktieren.<\/p>\n<\/div>\n<p><!-- \/.row --><\/p>\n<div class=\"row\">\n<h3>Eigenschaften und Besonderheiten von Schmiedprodukten<\/h3>\n<div class=\"box-2cols\">\n<div>\n<ul>\n<li>Der Metallfluss entlang der Produktform f\u00fchrt zu einer erh\u00f6hten Festigkeit<\/li>\n<li>Der Druck verdichtet die Struktur und verhindert fehlerhafte Produkte<\/li>\n<li>Das Zerspanen kann weggelassen oder reduziert werden<\/li>\n<li>Eine Verringerung der Dicke ohne Festigkeitsverlust erm\u00f6glicht es die Materialien leichter zu machen. Damit wird weniger Material ben\u00f6tigt und gleichzeitig kann der Ausschuss reduziert werden.<\/li>\n<\/ul>\n<\/div>\n<div><img decoding=\"async\" loading=\"lazy\" class=\"alignnone size-full wp-image-122\" src=\"http:\/\/kobayashi-tools.com\/de\/wp-content\/uploads\/sites\/4\/2017\/12\/img_forgings.png\" alt=\"\" width=\"462\" height=\"245\" srcset=\"https:\/\/kobayashi-tools.com\/de\/wp-content\/uploads\/sites\/4\/2017\/12\/img_forgings.png 462w, https:\/\/kobayashi-tools.com\/de\/wp-content\/uploads\/sites\/4\/2017\/12\/img_forgings-300x159.png 300w\" sizes=\"(max-width: 462px) 100vw, 462px\" \/><\/div>\n<\/div>\n<p><!-- \/.box-2cols --><\/p>\n<\/div>\n<p><!-- \/.row --><\/p>\n<div class=\"row\">\n<h3>\u00dcberblick: Warmschmieden<\/h3>\n<div class=\"box-2cols\">\n<div>Wenn das Metall auf eine bestimmte Temperatur erhitzt wird, wird es weich und die zuvor ungeordneten Kristalle ordnen sich. Dies ist ein spezifisches Merkmal von Metallen und wird als &#8220;Rekristallisation&#8221; bezeichnet. &#8220;Warmschmieden&#8221; ist ein Schmiedeprozess, bei dem ein Metall auf eine Temperatur erhitzt wird, die h\u00f6her als die &#8220;Rekristallisationstemperatur&#8221; ist. Dadurch bilden sich Metallflusslinien entlang der Produktform, was zu einer Erh\u00f6hung der Festigkeit und Z\u00e4higkeit f\u00fchrt.<\/div>\n<div><img decoding=\"async\" loading=\"lazy\" class=\"alignnone size-full wp-image-123\" src=\"http:\/\/kobayashi-tools.com\/de\/wp-content\/uploads\/sites\/4\/2017\/12\/img_hotforging_flow.png\" alt=\"\" width=\"465\" height=\"257\" srcset=\"https:\/\/kobayashi-tools.com\/de\/wp-content\/uploads\/sites\/4\/2017\/12\/img_hotforging_flow.png 465w, https:\/\/kobayashi-tools.com\/de\/wp-content\/uploads\/sites\/4\/2017\/12\/img_hotforging_flow-300x166.png 300w\" sizes=\"(max-width: 465px) 100vw, 465px\" \/><\/div>\n<\/div>\n<p><!-- \/.box-2cols --><\/p>\n<\/div>\n<p><!-- \/.row --><\/p>\n<div class=\"row\">\n<h2>Im Vergleich zu anderen Herstellungsmethoden erreicht die Warmschmiedetechnologie eine l\u00e4ngere Haltbarkeit<\/h2>\n<div class=\"box-2cols\">\n<div>Die von der KOBAYASHI TOOL eingef\u00fchrte Technologie erm\u00f6glicht es d\u00fcnne Klingen in einem Schmiedeprozess herzustellen. Dieser Technologievorsprung unterscheidet uns signifikant von anderen Wettbewerbern. . Im Gegensatz zu Produkten anderer Herstellungsverfahren, zeichnen sich unsere Produkte durch eine ausgezeichnete Haltbarkeit aus, die einzigartig f\u00fcr unseren Schmiedeprozess ist.<\/div>\n<div><img decoding=\"async\" loading=\"lazy\" src=\"https:\/\/kobayashi-tools.com\/de\/wp-content\/themes\/kobayashi_tools\/img\/img_cutting.jpg\" alt=\"Im Vergleich zu anderen Herstellungsmethoden erreicht die Warmschmiedetechnologie eine l\u00e4ngere Haltbarkeit\" width=\"720\" height=\"720\" \/><\/div>\n<\/div>\n<p><!-- \/.box-2cols --><\/p>\n<div class=\"row\">\n<h2>Unser Qualtit\u00e4tsversprechen<\/h2>\n<p>Die Mikrofotografien (50-fache Vergr\u00f6\u00dferung) unten zeigen den Vergleich des Dauertestergebnisses (500-fach-Schneidtest von 325 mm\u00b2 Kupferdr\u00e4hten) unter; (a) A Geschmiedete Cutter (KOBAYASHI TOOL MFG Produkt), (b) Wachsausschmelzverfahren Cutter (Produkt aus Taiwan) , (c) Stanzbearbeitungsschneider (hergestellt aus Plattenmaterial) (Produkt aus China)<\/p>\n<h3>(a) Geschmiedete Klinge (Produkt KOBAYASHI TOOL MFG)<\/h3>\n<div class=\"box-3cols test-results\">\n<div><img decoding=\"async\" loading=\"lazy\" src=\"https:\/\/kobayashi-tools.com\/de\/wp-content\/themes\/kobayashi_tools\/img\/img_quality002.png\" alt=\"Before cutting test\" width=\"720\" height=\"720\" \/>Vor dem Schneidetest<\/div>\n<div class=\"arrow\"><img decoding=\"async\" src=\"https:\/\/kobayashi-tools.com\/de\/wp-content\/themes\/kobayashi_tools\/img\/arrow-12.svg\" alt=\"Before cutting test\" \/><\/div>\n<div><img decoding=\"async\" loading=\"lazy\" src=\"https:\/\/kobayashi-tools.com\/de\/wp-content\/themes\/kobayashi_tools\/img\/img_quality_before002.png\" alt=\"forged Blade\" width=\"720\" height=\"720\" \/>Nach 500-malem Schneidtest von 325 mm\u00b2 Kupferdr\u00e4hten<\/div>\n<\/div>\n<p><!-- \/.box-3cols --><\/p>\n<p>Der hellere, wei\u00dfe Bereich entlang der Kante der Klinge zeigt nach dem Test, dass die urspr\u00fcnglich schwarze Oberfl\u00e4che (Korrosionsbest\u00e4ndigkeit) abgeschliffen wurde. Die Struktur der Kante bleibt trotz der Belastung des Schneideversuchs vollst\u00e4ndig erhalten. Die Sch\u00e4rfe der Klinge wird beibehalten und ist fast so scharf wie vor Durchf\u00fchrung des Tests.<\/p>\n<h3>(b)Wachsausschmelzverfahren (Produkt aus Taiwan)<\/h3>\n<div class=\"box-3cols test-results\">\n<div><img decoding=\"async\" loading=\"lazy\" src=\"https:\/\/kobayashi-tools.com\/de\/wp-content\/themes\/kobayashi_tools\/img\/img_quality_before003.png\" alt=\"Before cutting test\" width=\"720\" height=\"720\" \/>Vor dem Schneidetest<\/div>\n<div class=\"arrow\"><img decoding=\"async\" src=\"https:\/\/kobayashi-tools.com\/de\/wp-content\/themes\/kobayashi_tools\/img\/arrow-12.svg\" alt=\"Before cutting test\" \/><\/div>\n<div>\n<p><img decoding=\"async\" loading=\"lazy\" src=\"https:\/\/kobayashi-tools.com\/de\/wp-content\/themes\/kobayashi_tools\/img\/img_quality003.png\" alt=\"500 times cutting test\" width=\"720\" height=\"720\" \/>Nach 500-malem Schneidtest von 325 mm\u00b2 Kupferdr\u00e4hten<\/p>\n<\/div>\n<\/div>\n<p><!-- \/.box-3cols --><\/p>\n<p>Die Kante (geschliffener Teil) ist gr\u00f6\u00dftenteils besch\u00e4digt, weshalb eine weitere langfristige Nutzung ausgeschlossen ist. Die Gr\u00e4ben auf der Klingenoberfl\u00e4che sind Kratzspuren, \u00a0die w\u00e4hrend des Schneidetests durch den Kupferdraht entstanden sind.<\/p>\n<h3>(c) Stanzbearbeitungsschneider (hergestellt aus Plattenmaterial)<br \/>\n(Produkt aus China)<\/h3>\n<div class=\"box-3cols test-results\">\n<div><img decoding=\"async\" loading=\"lazy\" src=\"https:\/\/kobayashi-tools.com\/de\/wp-content\/themes\/kobayashi_tools\/img\/img_quality_before004.png\" alt=\"Before cutting test\" width=\"720\" height=\"720\" \/>Vor dem Schneidetest<\/div>\n<div class=\"arrow\"><img decoding=\"async\" src=\"https:\/\/kobayashi-tools.com\/de\/wp-content\/themes\/kobayashi_tools\/img\/arrow-12.svg\" alt=\"Before cutting test\" \/><\/div>\n<div><img decoding=\"async\" loading=\"lazy\" src=\"https:\/\/kobayashi-tools.com\/de\/wp-content\/themes\/kobayashi_tools\/img\/img_quality004.png\" alt=\"500 times cutting test\" width=\"720\" height=\"720\" \/>Nach 400-malem Schneidtest von 325 mm\u00b2 Kupferdr\u00e4hten<\/div>\n<\/div>\n<p><!-- \/.box-3cols --><\/p>\n<p>Durch den 400 Schnitt wurde dieser Cutter vollst\u00e4ndig besch\u00e4digt, sodass der Test beendet wurde. Das Foto zeigt den Zustand der Klinge zu diesem Zeitpunkt. Der Rand (geschliffene Fl\u00e4che) ist vollst\u00e4ndig besch\u00e4digt, sodass der Test nicht weitergef\u00fchrt werden konnte. Die Gr\u00e4ben auf der Klingenoberfl\u00e4che sind Kratzspuren,\u00a0 die w\u00e4hrend des Schneidetests durch den Kupferdraht entstanden sind.<\/p>\n<\/div>\n<p><!-- \/.row --><\/p>\n<div class=\"row\">\n<div>\n<h3>Video zur Warmschmiedetechnik<\/h3>\n<p><iframe loading=\"lazy\" src=\"https:\/\/www.youtube.com\/embed\/RCqvLjR1N80?loop=1&amp;playlist=RCqvLjR1N80\" width=\"300\" height=\"150\" frameborder=\"0\" allowfullscreen=\"allowfullscreen\"><\/iframe><\/p>\n<\/div>\n<\/div>\n<p><!-- \/.row --><\/p>\n<div class=\"row\">\n<h2>Hei\u00dfschmiedetechnologie Produktinformation<\/h2>\n<div class=\"box-3cols\">\n<div>\n<h3>Autoteile<\/h3>\n<p><a href=\"https:\/\/kobayashi-tools.com\/de\/wp-content\/themes\/kobayashi_tools\/img\/img_parts001.png\" data-lightbox=\"image-1\" data-title=\"Autoteile\"><img decoding=\"async\" loading=\"lazy\" src=\"https:\/\/kobayashi-tools.com\/de\/wp-content\/themes\/kobayashi_tools\/img\/img_parts001.png\" alt=\"Automobile Parts\" width=\"360\" height=\"240\" \/><\/a><br \/>\nVentilkipphebel \u2022 Kurbelwelle \u2022 Pleuel \u2022 Schaltgabel etc.<\/p>\n<\/div>\n<div>\n<h3>Motorradteile<\/h3>\n<p><a href=\"https:\/\/kobayashi-tools.com\/de\/wp-content\/themes\/kobayashi_tools\/img\/img_parts002.png\" data-lightbox=\"image-2\" data-title=\"Motorradteile\"><img decoding=\"async\" loading=\"lazy\" src=\"https:\/\/kobayashi-tools.com\/de\/wp-content\/themes\/kobayashi_tools\/img\/img_parts002.png\" alt=\"Motorcycle Parts\" width=\"360\" height=\"240\" \/><\/a><br \/>\nNockenwelle \u00b7 Kick-Hebel \u00b7 Kettenrad \u00b7 Halterung etc.<\/p>\n<\/div>\n<div>\n<h3>Diverse Getriebeteile<\/h3>\n<p><a href=\"https:\/\/kobayashi-tools.com\/de\/wp-content\/themes\/kobayashi_tools\/img\/img_parts003.png\" data-lightbox=\"image-3\" data-title=\"Getriebeteile\"> <img decoding=\"async\" loading=\"lazy\" src=\"https:\/\/kobayashi-tools.com\/de\/wp-content\/themes\/kobayashi_tools\/img\/img_parts003.png\" alt=\"Various Gear Parts\" width=\"360\" height=\"240\" \/><br \/>\n<\/a>Die Verzahnungsbearbeitung ist auch mit unserer W\u00e4lzfr\u00e4smaschine m\u00f6glich.<\/p>\n<\/div>\n<\/div>\n<p><!-- \/.box-3cols --><\/p>\n<div class=\"box-3cols\">\n<div>\n<h3>Baumaschinen-Teile<\/h3>\n<p><a href=\"https:\/\/kobayashi-tools.com\/de\/wp-content\/themes\/kobayashi_tools\/img\/img_parts004.png\" data-lightbox=\"image-4\" data-title=\"Baumaschinen-Teile\"><img decoding=\"async\" loading=\"lazy\" src=\"https:\/\/kobayashi-tools.com\/de\/wp-content\/themes\/kobayashi_tools\/img\/img_parts004.png\" alt=\"Construction Machine Parts\" width=\"720\" height=\"480\" \/><\/a><br \/>\nZylinderboden \u00b7 Stangenkopf usw.<\/p>\n<\/div>\n<\/div>\n<p><!-- \/.box-3cols --><\/p>\n<div class=\"showall\"><a href=\"https:\/\/kobayashi-tools.com\/de\/oem\">Hoffnung f\u00fcr OEM<\/a><\/div>\n<p><!-- \/.showall --><\/p>\n<\/div>\n<p><!-- \/.row --><\/p>\n<div class=\"row\">\n<h2>Schmiedeteile<\/h2>\n<div class=\"box-3cols posts\"><div>\n<div class=\"thum-wrap\"><a href=\"https:\/\/kobayashi-tools.com\/de\/column\/products\/geschmiedete-messer-mit-dunnen-klingen\"><img width=\"263\" height=\"156\" src=\"https:\/\/kobayashi-tools.com\/de\/wp-content\/uploads\/sites\/4\/2017\/12\/\u935b\u9020\u88fd\u30ab\u30c3\u30bf\u30fc\u8584\u5203.jpg\" class=\"attachment-large size-large wp-post-image\" alt=\"Geschmiedete Messer mit d\u00fcnnen Klingen\" decoding=\"async\" loading=\"lazy\" \/><\/a><\/div>\n<h3><a href=\"https:\/\/kobayashi-tools.com\/de\/column\/products\/geschmiedete-messer-mit-dunnen-klingen\">Geschmiedete Messer mit d\u00fcnnen Klingen<\/a><\/h3>\nIm Gegensatz zu anderen Unternehmen ist KOBAYASHI TOOL MFG in der Lage, Spezialstahl und Schnellarbeitsstahl z [&hellip;]<\/div>\n<div>\n<div class=\"thum-wrap\"><a href=\"https:\/\/kobayashi-tools.com\/de\/column\/products\/lkw-teile-sus-hergestellt\"><img width=\"209\" height=\"140\" src=\"https:\/\/kobayashi-tools.com\/de\/wp-content\/uploads\/sites\/4\/2017\/12\/\u30c8\u30e9\u30c3\u30af\u90e8\u54c1SUS\u88fd.jpg\" class=\"attachment-large size-large wp-post-image\" alt=\"LKW-Teile\" decoding=\"async\" loading=\"lazy\" \/><\/a><\/div>\n<h3><a href=\"https:\/\/kobayashi-tools.com\/de\/column\/products\/lkw-teile-sus-hergestellt\">LKW-Teile (SUS hergestellt)<\/a><\/h3>\nDoppelte Dreht\u00fcrteile f\u00fcr LKW-Ladefl\u00e4chen. Die LKW-Teile bestehen aus Edelstahl (SUS), da sie Festigkeit ben\u00f6t [&hellip;]<\/div>\n<div>\n<div class=\"thum-wrap\"><a href=\"https:\/\/kobayashi-tools.com\/de\/column\/products\/schaltgabel\"><img width=\"204\" height=\"122\" src=\"https:\/\/kobayashi-tools.com\/de\/wp-content\/uploads\/sites\/4\/2017\/12\/\u30b7\u30d5\u30c8\u30d5\u30a9\u30fc\u30af.jpg\" class=\"attachment-large size-large wp-post-image\" alt=\"Schaltgabel\" decoding=\"async\" loading=\"lazy\" \/><\/a><\/div>\n<h3><a href=\"https:\/\/kobayashi-tools.com\/de\/column\/products\/schaltgabel\">Schaltgabel<\/a><\/h3>\nDie Schaltgabel, die zum Wechseln des Getriebes verwendet wird, muss sehr langlebig, empfindlich und pr\u00e4zise s [&hellip;]<\/div>\n<\/div>\n<div class=\"box-3cols posts\">\n<\/div>\n\n<div class=\"showall\"><a href=\"https:\/\/kobayashi-tools.com\/de\/forgings\">Alle anzeigen<\/a><\/div>\n<p><!-- \/.showall --><\/p>\n<\/div>\n<p><!-- \/.row --><\/p>\n<div class=\"row\">\n<h2>Warmschmiedest\u00fccke<\/h2>\n<div class=\"box-3cols posts\"><div><h3><a href=\"https:\/\/kobayashi-tools.com\/de\/column\/142\">Hot Schmieden FAQ - \u2026<\/a><\/h3><div class=\"thum-wrap\"><a href=\"https:\/\/kobayashi-tools.com\/de\/column\/142\"><img width=\"500\" height=\"332\" src=\"https:\/\/kobayashi-tools.com\/de\/wp-content\/uploads\/sites\/4\/2018\/01\/tools.jpg\" class=\"attachment-large size-large wp-post-image\" alt=\"\" decoding=\"async\" loading=\"lazy\" srcset=\"https:\/\/kobayashi-tools.com\/de\/wp-content\/uploads\/sites\/4\/2018\/01\/tools.jpg 500w, https:\/\/kobayashi-tools.com\/de\/wp-content\/uploads\/sites\/4\/2018\/01\/tools-300x199.jpg 300w\" sizes=\"(max-width: 500px) 100vw, 500px\" \/><\/a><\/div>H\u00e4ufig gestellte Fragen &#8220;Was unterscheidet geschmiedete Klingen von Gie\u00dfklingen oder Stanzbl\u00e4ttern? Da d [&hellip;]<\/div><div><h3><a href=\"https:\/\/kobayashi-tools.com\/de\/column\/139\">Was ist Schmieden?<\/a><\/h3><div class=\"thum-wrap\"><a href=\"https:\/\/kobayashi-tools.com\/de\/column\/139\"><img width=\"300\" height=\"160\" src=\"https:\/\/kobayashi-tools.com\/de\/wp-content\/uploads\/sites\/4\/2018\/01\/img_hot_forging001.png\" class=\"attachment-large size-large wp-post-image\" alt=\"\" decoding=\"async\" loading=\"lazy\" \/><\/a><\/div>Seit der Antike gab es in Japan viele Handwerker, die Schmiede (Kajiya) genannt wurden. \u00dcber die Jahre hinweg  [&hellip;]<\/div><div><h3><a href=\"https:\/\/kobayashi-tools.com\/de\/column\/134\">Hochgeschwindigkeits\u2026<\/a><\/h3><div class=\"thum-wrap\"><a href=\"https:\/\/kobayashi-tools.com\/de\/column\/134\"><img width=\"676\" height=\"400\" src=\"https:\/\/kobayashi-tools.com\/de\/wp-content\/uploads\/sites\/4\/2018\/01\/\u30cf\u30a4\u30b9\u92fc\uff13.png\" class=\"attachment-large size-large wp-post-image\" alt=\"\" decoding=\"async\" loading=\"lazy\" srcset=\"https:\/\/kobayashi-tools.com\/de\/wp-content\/uploads\/sites\/4\/2018\/01\/\u30cf\u30a4\u30b9\u92fc\uff13.png 676w, https:\/\/kobayashi-tools.com\/de\/wp-content\/uploads\/sites\/4\/2018\/01\/\u30cf\u30a4\u30b9\u92fc\uff13-300x178.png 300w\" sizes=\"(max-width: 676px) 100vw, 676px\" \/><\/a><\/div>We also accept forging high-speed steel that is difficult to process. High-speed steel makes it possible to cu [&hellip;]<\/div><\/div>\n<div class=\"showall\" style=\"maring-top: -20px;\"><a href=\"https:\/\/kobayashi-tools.com\/de\/column\">Alle anzeigen<\/a><\/div>\n<p><!-- \/.showall --><\/p>\n<\/div>\n<p><!-- \/.row --><\/p>\n<div class=\"row contact-lg\"><a href=\"https:\/\/kobayashi-tools.com\/de\/contact\">Bitte kontaktieren Sie uns hier.<\/a><\/div>\n<p><!-- \/.row --><br \/>\n<script><br \/>\n    lightbox.option({<br \/>\n      'resizeDuration': 300,<br \/>\n      'fadeDuration': 300<br \/>\n    })<br \/>\n<\/script><\/p>\n<\/div>\n","protected":false},"excerpt":{"rendered":"<p>KOBAYASHI TOOLs Warmschmiedetechnologie Drei Gr\u00fcnde f\u00fcr das Leistungsangebot der KOBAYASHI TOOL MFG: 1 Unser Q [&hellip;]<\/p>\n","protected":false},"author":1,"featured_media":0,"parent":0,"menu_order":0,"comment_status":"closed","ping_status":"closed","template":"","meta":[],"aioseo_notices":[],"_links":{"self":[{"href":"https:\/\/kobayashi-tools.com\/de\/wp-json\/wp\/v2\/pages\/9"}],"collection":[{"href":"https:\/\/kobayashi-tools.com\/de\/wp-json\/wp\/v2\/pages"}],"about":[{"href":"https:\/\/kobayashi-tools.com\/de\/wp-json\/wp\/v2\/types\/page"}],"author":[{"embeddable":true,"href":"https:\/\/kobayashi-tools.com\/de\/wp-json\/wp\/v2\/users\/1"}],"replies":[{"embeddable":true,"href":"https:\/\/kobayashi-tools.com\/de\/wp-json\/wp\/v2\/comments?post=9"}],"version-history":[{"count":7,"href":"https:\/\/kobayashi-tools.com\/de\/wp-json\/wp\/v2\/pages\/9\/revisions"}],"predecessor-version":[{"id":182,"href":"https:\/\/kobayashi-tools.com\/de\/wp-json\/wp\/v2\/pages\/9\/revisions\/182"}],"wp:attachment":[{"href":"https:\/\/kobayashi-tools.com\/de\/wp-json\/wp\/v2\/media?parent=9"}],"curies":[{"name":"wp","href":"https:\/\/api.w.org\/{rel}","templated":true}]}}