{"id":47,"date":"2017-12-25T07:45:44","date_gmt":"2017-12-25T06:45:44","guid":{"rendered":"http:\/\/kobayashi-tools.com\/de\/?page_id=47"},"modified":"2017-12-25T08:07:24","modified_gmt":"2017-12-25T07:07:24","slug":"contact","status":"publish","type":"page","link":"https:\/\/kobayashi-tools.com\/de\/contact","title":{"rendered":"Kontakte"},"content":{"rendered":"<div class=\"row\">\nWenn Sie Anfrage haben, f\u00fcllen Sie bitte das folgende Anfrageformular aus und senden Sie es ab. Wir sind dankbar f\u00fcr Ihre Anfrage. Wenn Sie ein Handelsunternehmen, Distributor oder OEM-Hersteller sind, kontaktieren Sie uns bitte \u00fcber die entsprechende entsprechende Anfrage-Seite.<\/p>\n<ul class=\"link2\">\n<li><a href=\"https:\/\/kobayashi-tools.com\/de\/agency\" style=\"line-height:21px;\">Au\u00dfendienstmitarbeiter, Handelsunternehmen, Distributor<\/a><\/li>\n<li><a href=\"https:\/\/kobayashi-tools.com\/de\/oem\">Hersteller, die OEM ben\u00f6tigen<\/a><\/li>\n<\/ul>\n<\/div>\n<p><!-- \/.row --><\/p>\n\n<div class=\"wpcf7 no-js\" id=\"wpcf7-f51-o1\" lang=\"ja\" dir=\"ltr\">\n<div class=\"screen-reader-response\"><p role=\"status\" aria-live=\"polite\" aria-atomic=\"true\"><\/p> <ul><\/ul><\/div>\n<form action=\"\/de\/wp-json\/wp\/v2\/pages\/47#wpcf7-f51-o1\" method=\"post\" class=\"wpcf7-form init\" aria-label=\"\u30b3\u30f3\u30bf\u30af\u30c8\u30d5\u30a9\u30fc\u30e0\" novalidate=\"novalidate\" data-status=\"init\">\n<div style=\"display: none;\">\n<input type=\"hidden\" name=\"_wpcf7\" value=\"51\" \/>\n<input type=\"hidden\" name=\"_wpcf7_version\" value=\"5.7.7\" \/>\n<input type=\"hidden\" name=\"_wpcf7_locale\" value=\"ja\" \/>\n<input type=\"hidden\" name=\"_wpcf7_unit_tag\" value=\"wpcf7-f51-o1\" \/>\n<input type=\"hidden\" name=\"_wpcf7_container_post\" value=\"0\" \/>\n<input type=\"hidden\" name=\"_wpcf7_posted_data_hash\" value=\"\" \/>\n<input type=\"hidden\" name=\"_wpcf7_recaptcha_response\" value=\"\" \/>\n<\/div>\n<p><label> Name (n\u00f6tig)<br \/>\n<span class=\"wpcf7-form-control-wrap\" data-name=\"your-name\"><input size=\"40\" class=\"wpcf7-form-control wpcf7-text wpcf7-validates-as-required\" aria-required=\"true\" aria-invalid=\"false\" value=\"\" type=\"text\" name=\"your-name\" \/><\/span> <\/label>\n<\/p>\n<p><label> Firmenname (n\u00f6tig)<br \/>\n<span class=\"wpcf7-form-control-wrap\" data-name=\"company\"><input size=\"40\" class=\"wpcf7-form-control wpcf7-text wpcf7-validates-as-required\" aria-required=\"true\" aria-invalid=\"false\" value=\"\" type=\"text\" name=\"company\" \/><\/span> <\/label>\n<\/p>\n<p><label> Email (n\u00f6tig)<br \/>\n<span class=\"wpcf7-form-control-wrap\" data-name=\"your-email\"><input size=\"40\" class=\"wpcf7-form-control wpcf7-text wpcf7-email wpcf7-validates-as-required wpcf7-validates-as-email\" aria-required=\"true\" aria-invalid=\"false\" value=\"\" type=\"email\" name=\"your-email\" \/><\/span> <\/label>\n<\/p>\n<p><label> E-mail Best\u00e4tigung enthalten (n\u00f6tig)<br \/>\n<span class=\"wpcf7-form-control-wrap\" data-name=\"email-conf\"><input size=\"40\" class=\"wpcf7-form-control wpcf7-text wpcf7-email wpcf7-validates-as-required wpcf7-validates-as-email\" aria-required=\"true\" aria-invalid=\"false\" value=\"\" type=\"email\" name=\"email-conf\" \/><\/span> <\/label>\n<\/p>\n<p><label> Telefonnummer<br \/>\n<span class=\"wpcf7-form-control-wrap\" data-name=\"tel\"><input size=\"40\" class=\"wpcf7-form-control wpcf7-text wpcf7-tel wpcf7-validates-as-tel\" aria-invalid=\"false\" value=\"\" type=\"tel\" name=\"tel\" \/><\/span> <\/label>\n<\/p>\n<p><label> Adresse<br \/>\n<span class=\"wpcf7-form-control-wrap\" data-name=\"addr\"><input size=\"40\" class=\"wpcf7-form-control wpcf7-text\" aria-invalid=\"false\" value=\"\" type=\"text\" name=\"addr\" \/><\/span><\/label>\n<\/p>\n<p><label> Frage (n\u00f6tig)<br \/>\n<span class=\"wpcf7-form-control-wrap\" data-name=\"your-message\"><textarea cols=\"40\" rows=\"10\" class=\"wpcf7-form-control wpcf7-textarea wpcf7-validates-as-required\" aria-required=\"true\" aria-invalid=\"false\" name=\"your-message\"><\/textarea><\/span> <\/label>\n<\/p>\n<p><input class=\"wpcf7-form-control wpcf7-confirm wpcf7c-elm-step1 wpcf7c-btn-confirm wpcf7c-force-hide\" type=\"submit\" value=\"Best\u00e4tigen\" \/><input class=\"wpcf7-form-control wpcf7-back wpcf7c-elm-step2 wpcf7c-btn-back wpcf7c-force-hide\" type=\"button\" value=\"back\" \/><input class=\"wpcf7-form-control has-spinner wpcf7-submit\" type=\"submit\" value=\"submit\" \/>\n<\/p><div class=\"wpcf7-response-output\" aria-hidden=\"true\"><\/div>\n<\/form>\n<\/div>\n\n<div class=\"row\">\n<h2>Datenschutz-Bestimmungen<\/h2>\n<p>Alle Informationen, die Sie \u00fcber unser Kontaktformular erhalten haben, werden nur zu Kontakt- und Informationszwecken verwendet. Es wird nicht f\u00fcr einen anderen Zweck verwendet. Dar\u00fcber hinaus werden diese Informationen nicht von Dritten au\u00dferhalb von KOBAYASHI TOOL MFG verwendet. (Au\u00dfer in dem Fall, dass die Offenlegung gesetzlich vorgeschrieben ist usw.)\n<\/p><\/div>\n<p><!-- \/.row --><\/p>\n","protected":false},"excerpt":{"rendered":"<p>Wenn Sie Anfrage haben, f\u00fcllen Sie bitte das folgende Anfrageformular aus und senden Sie es ab. Wir sind dankb [&hellip;]<\/p>\n","protected":false},"author":1,"featured_media":0,"parent":0,"menu_order":0,"comment_status":"closed","ping_status":"closed","template":"","meta":[],"aioseo_notices":[],"_links":{"self":[{"href":"https:\/\/kobayashi-tools.com\/de\/wp-json\/wp\/v2\/pages\/47"}],"collection":[{"href":"https:\/\/kobayashi-tools.com\/de\/wp-json\/wp\/v2\/pages"}],"about":[{"href":"https:\/\/kobayashi-tools.com\/de\/wp-json\/wp\/v2\/types\/page"}],"author":[{"embeddable":true,"href":"https:\/\/kobayashi-tools.com\/de\/wp-json\/wp\/v2\/users\/1"}],"replies":[{"embeddable":true,"href":"https:\/\/kobayashi-tools.com\/de\/wp-json\/wp\/v2\/comments?post=47"}],"version-history":[{"count":5,"href":"https:\/\/kobayashi-tools.com\/de\/wp-json\/wp\/v2\/pages\/47\/revisions"}],"predecessor-version":[{"id":53,"href":"https:\/\/kobayashi-tools.com\/de\/wp-json\/wp\/v2\/pages\/47\/revisions\/53"}],"wp:attachment":[{"href":"https:\/\/kobayashi-tools.com\/de\/wp-json\/wp\/v2\/media?parent=47"}],"curies":[{"name":"wp","href":"https:\/\/api.w.org\/{rel}","templated":true}]}}