{"id":4,"date":"2017-12-17T03:14:36","date_gmt":"2017-12-17T02:14:36","guid":{"rendered":"http:\/\/kobayashi-tools.com\/de\/?page_id=4"},"modified":"2023-08-04T09:11:46","modified_gmt":"2023-08-04T07:11:46","slug":"home","status":"publish","type":"page","link":"https:\/\/kobayashi-tools.com\/de\/","title":{"rendered":"Home"},"content":{"rendered":"<section id=\"index-content\">\n<div id=\"concept\" class=\"row-default\"><img decoding=\"async\" loading=\"lazy\" src=\"https:\/\/kobayashi-tools.com\/de\/wp-content\/themes\/kobayashi_tools_child_de\/img\/img_concept.png\" alt=\"img_concept\" width=\"570\" height=\"496\" \/><\/p>\n<p>Die KOBAYASHI TOOL MFG z\u00e4hlt zu den f\u00fchrenden Unternehmen im Bereich der Warmschmiedetechnologie mit innovativen L\u00f6sungen und hochwertigen Produkten der Marke \u201eMade in Japan\u201c.<br \/>\nAls Anbieter von Komplettl\u00f6sungen (von der Entwicklung und Testproduktion bis hin zur Serienfertigung und Auslieferung) erm\u00f6glichen wir unseren Kunden Kosteneinsparpotentiale und kurze Lieferzeiten.<\/p>\n<\/div>\n<p><!-- \/.row-default --><\/p>\n<div class=\"row-full hot-forging\">\n<div class=\"intro-left\">\n<div>\n<h2>Warmschmiedetechnologie<\/h2>\n<p>Unsere Produkte werden haupts\u00e4chlich in der Produktion von Motorteilen f\u00fcr Autos, Baumaschinen und Landmaschinen eingesetzt. Das Pr\u00e4zisionsschmieden wichtiger Maschinenteile wird durch Warmschmiedetechnologie, W\u00e4rmebehandlung und Kugelstrahlen erreicht und sorgt damit f\u00fcr die notwendige Festigkeit unserer Produkte. Mit Hilfe unseres umfangreichen Kontroll- und Prozessmanagements stellen wir zudem unsere hohen Qualit\u00e4tsanforderungen sicher<\/p>\n<\/div>\n<div>\n<div class=\"link01\"><a class=\"alpha-btn\" href=\"https:\/\/kobayashi-tools.com\/de\/hot-forging\"> <img decoding=\"async\" loading=\"lazy\" src=\"https:\/\/kobayashi-tools.com\/de\/wp-content\/themes\/kobayashi_tools\/img\/img_hot_forging001.png\" alt=\"\u00dcber Warmschmiedetechnologie\" width=\"300\" height=\"160\" \/> \u00dcber Warmschmiedetechnologie<\/a><\/div>\n<p><!-- \/.link01 --><\/p>\n<div class=\"link01\"><a class=\"alpha-btn\" href=\"https:\/\/kobayashi-tools.com\/de\/forgings\"> <img decoding=\"async\" loading=\"lazy\" src=\"https:\/\/kobayashi-tools.com\/de\/wp-content\/themes\/kobayashi_tools\/img\/img_hot_forging002.png\" alt=\"Schmiedeteile\" width=\"300\" height=\"160\" \/> Schmiedeteile<\/a><\/div>\n<p><!-- \/.link01 --><\/p>\n<\/div>\n<\/div>\n<p><!-- \/.intro-left --><\/p>\n<\/div>\n<p><!-- \/.row-full --><\/p>\n<div class=\"row-full tools\">\n<div class=\"intro-right\">\n<div>\n<h2>Werkzeugherstellung<\/h2>\n<p>Im Bereich der Werkzeugherstellung umfasst unser Produktsortiment Arbeitswerkzeuge (z.B. Offsetschl\u00fcssel), Werkzeuge f\u00fcr elektrische Anlagen (z.B. Kabelschneider), industrielle Schneidwerkzeuge und Maschinenteile. In unseren Anlagen \u00fcbernehmen wir alle Prozessschritte von der Designphase bis zur Fertigung, Abnahme und Verpackung der Produkte. Unsere Leistungen umfassen sowohl OEM als auch Import- und Exportleistungen.<\/p>\n<\/div>\n<div>\n<div class=\"link01\"><a class=\"alpha-btn\" href=\"https:\/\/kobayashi-tools.com\/de\/tool-manufacturing\"> <img decoding=\"async\" loading=\"lazy\" src=\"https:\/\/kobayashi-tools.com\/de\/wp-content\/themes\/kobayashi_tools\/img\/img_tools001.png\" alt=\"Werkzeugherstellungstechnologie\" width=\"300\" height=\"160\" \/>Werkzeugherstellungstechnologie<\/a><\/div>\n<p><!-- \/.link01 --><\/p>\n<div class=\"link01\"><a class=\"alpha-btn\" href=\"https:\/\/kobayashi-tools.com\/de\/tools\"> <img decoding=\"async\" loading=\"lazy\" src=\"https:\/\/kobayashi-tools.com\/de\/wp-content\/themes\/kobayashi_tools\/img\/img_tools002.png\" alt=\"Einf\u00fchrung in unsere Produktlinie\" width=\"300\" height=\"160\" \/>Einf\u00fchrung in unsere Produktlinie<\/a><\/div>\n<p><!-- \/.link01 --><\/p>\n<\/div>\n<\/div>\n<p><!-- \/.intro-left --><\/p>\n<\/div>\n<p><!-- \/.row-full --><\/p>\n<div class=\"row-full agri\">\n<div class=\"intro-left\">\n<div>\n<h2>Landwirtschaftsger\u00e4te<\/h2>\n<p>Die KOBAYASHI TOOL MFG stellt hochwertige, landwirtschaftliche Ger\u00e4te \u201eMade in Japan\u201c f\u00fcr den professionellen und freizeitlichen Gebrauch her. Mit unserem langj\u00e4hrigen Knowhow k\u00f6nnen wir unseren Kunden sichere Ger\u00e4te zur Reduzierung der Arbeitslast und Zeit gew\u00e4hrleisten.<\/p>\n<\/div>\n<div>\n<div class=\"link01\"><a class=\"alpha-btn\" href=\"https:\/\/kobayashi-tools.com\/de\/farm-equipment\"><img decoding=\"async\" loading=\"lazy\" src=\"https:\/\/kobayashi-tools.com\/de\/wp-content\/themes\/kobayashi_tools\/img\/img_agri001.png\" alt=\"Living Environment Division\" width=\"300\" height=\"160\" \/>Living Environment Division<\/a><\/div>\n<p><!-- \/.link01 --><\/p>\n<div class=\"link01\"><a class=\"alpha-btn\" href=\"https:\/\/kobayashi-tools.com\/de\/farm-equipment\"><img decoding=\"async\" loading=\"lazy\" src=\"https:\/\/kobayashi-tools.com\/de\/wp-content\/themes\/kobayashi_tools\/img\/img_agri002.png\" alt=\"Einf\u00fchrung in unsere Produktlinie\" width=\"300\" height=\"160\" \/>Einf\u00fchrung in unsere Produktlinie<\/a><\/div>\n<p><!-- \/.link01 --><\/p>\n<\/div>\n<\/div>\n<p><!-- \/.intro-left --><\/p>\n<\/div>\n<p><!-- \/.row-full --><\/p>\n<div class=\"row-full heat-treatment\">\n<div class=\"intro-right\">\n<div>\n<h2>W\u00e4rmebehandlungstechnologie<\/h2>\n<p>Mittels eines umlaufenden Maschenbands werden die Materialien in unseren W\u00e4rmebehandlungs\u00f6fen bearbeitet. Dabei f\u00fchren wir alle Prozessschritte vom Abschrecken, Tempern, Kugelstrahlen bis hin zum H\u00e4rtetestverfahren nach Rockwell durch.<\/p>\n<\/div>\n<div>\n<div class=\"link01\"><a class=\"alpha-btn\" href=\"https:\/\/kobayashi-tools.com\/de\/heat-treatment\"><img decoding=\"async\" loading=\"lazy\" src=\"https:\/\/kobayashi-tools.com\/de\/wp-content\/themes\/kobayashi_tools\/img\/img_heat_treatment001.png\" alt=\"Klingen\" width=\"300\" height=\"160\" \/>Klingen<\/a><\/div>\n<p><!-- \/.link01 --><\/p>\n<div class=\"link01\"><a class=\"alpha-btn\" href=\"https:\/\/kobayashi-tools.com\/de\/heat-treatment\"><img decoding=\"async\" loading=\"lazy\" src=\"https:\/\/kobayashi-tools.com\/de\/wp-content\/themes\/kobayashi_tools\/img\/img_heat_treatment002.png\" alt=\"Rockwell H\u00e4rtepr\u00fcfer\" width=\"300\" height=\"160\" \/>Rockwell H\u00e4rtepr\u00fcfer<\/a><\/div>\n<p><!-- \/.link01 --><\/p>\n<\/div>\n<\/div>\n<p><!-- \/.intro-left --><\/p>\n<\/div>\n<p><!-- \/.row-full --><\/p>\n<div class=\"row-full company\">\n<div class=\"intro-left\">\n<div>\n<h2>\u00dcber KOBAYASHI TOOL MFG<\/h2>\n<p>Unser Managementsystem entspricht dem internationalen Standard ISO 9001. Um unseren Kunden auch in Zukunft die h\u00f6chste Qualit\u00e4t unserer Produkte und Dienstleistungen zu gew\u00e4hrleisten, arbeiten wir kontinuierlich an der Effektivit\u00e4t und Qualit\u00e4t unserer Systeme. Unser Leistungsportfolio umfasst individualisierte Auftragsfertigungen (made to order) und OEM Auftr\u00e4ge.<\/p>\n<\/div>\n<div>\n<div class=\"link01\"><a class=\"alpha-btn\" href=\"https:\/\/kobayashi-tools.com\/de\/hot-forging\"><img decoding=\"async\" loading=\"lazy\" src=\"https:\/\/kobayashi-tools.com\/de\/wp-content\/themes\/kobayashi_tools\/img\/img_about001.png\" alt=\"img_about001\" width=\"300\" height=\"160\" \/>Warmschmieden<\/a><\/div>\n<p><!-- \/.link01 --><\/p>\n<div class=\"link01\"><a class=\"alpha-btn\" href=\"https:\/\/kobayashi-tools.com\/de\/company\"><img decoding=\"async\" loading=\"lazy\" src=\"https:\/\/kobayashi-tools.com\/de\/wp-content\/themes\/kobayashi_tools\/img\/img_about002.png\" alt=\"\u00dcber uns\" width=\"300\" height=\"160\" \/>\u00dcber uns<\/a><\/div>\n<p><!-- \/.link01 --><\/p>\n<\/div>\n<\/div>\n<p><!-- \/.intro-left --><\/p>\n<\/div>\n<p><!-- \/.row-full --><\/p>\n<div id=\"topics\">\n<div class=\"fb\">\n<div id=\"fb-root\"><\/div>\n<div class=\"fb-page\" data-href=\"https:\/\/www.facebook.com\/%E6%A0%AA%E5%BC%8F%E4%BC%9A%E7%A4%BE-%E5%B0%8F%E6%9E%97%E5%B7%A5%E5%85%B7%E8%A3%BD%E4%BD%9C%E6%89%80-114805165250227\/\" data-tabs=\"timeline\" data-width=\"500\" data-small-header=\"true\" data-adapt-container-width=\"true\" data-hide-cover=\"false\" data-show-facepile=\"false\">\n<blockquote class=\"fb-xfbml-parse-ignore\" cite=\"https:\/\/www.facebook.com\/%E6%A0%AA%E5%BC%8F%E4%BC%9A%E7%A4%BE-%E5%B0%8F%E6%9E%97%E5%B7%A5%E5%85%B7%E8%A3%BD%E4%BD%9C%E6%89%80-114805165250227\/\"><p><a href=\"https:\/\/www.facebook.com\/%E6%A0%AA%E5%BC%8F%E4%BC%9A%E7%A4%BE-%E5%B0%8F%E6%9E%97%E5%B7%A5%E5%85%B7%E8%A3%BD%E4%BD%9C%E6%89%80-114805165250227\/\">\u682a\u5f0f\u4f1a\u793e \u5c0f\u6797\u5de5\u5177\u88fd\u4f5c\u6240<\/a><\/p>\n<\/blockquote>\n<\/div>\n<\/div>\n<p><!-- \/.fb --><\/p>\n<div class=\"topics\">\n<h2><img decoding=\"async\" loading=\"lazy\" src=\"https:\/\/kobayashi-tools.com\/de\/wp-content\/themes\/kobayashi_tools\/img\/h_topics.png\" alt=\"topics\" width=\"93\" height=\"23\" \/> <a href=\"https:\/\/kobayashi-tools.com\/de\/topics\">View All<\/a><\/h2>\n<dl><dt>February 27th, 2018<\/dt><dd><a href=\"https:\/\/kobayashi-tools.com\/de\/column\/172\">The homepage has been redesigned<\/a><\/dd><\/dl>\n<\/div>\n<p><!-- \/.topics --><\/p>\n<\/div>\n<p><!-- \/#topix --><\/p>\n<\/section>\n<p><!-- \/#index-content --><\/p>\n","protected":false},"excerpt":{"rendered":"<p>Die KOBAYASHI TOOL MFG z\u00e4hlt zu den f\u00fchrenden Unternehmen im Bereich der Warmschmiedetechnologie mit innovativ [&hellip;]<\/p>\n","protected":false},"author":1,"featured_media":0,"parent":0,"menu_order":0,"comment_status":"closed","ping_status":"closed","template":"","meta":[],"aioseo_notices":[],"_links":{"self":[{"href":"https:\/\/kobayashi-tools.com\/de\/wp-json\/wp\/v2\/pages\/4"}],"collection":[{"href":"https:\/\/kobayashi-tools.com\/de\/wp-json\/wp\/v2\/pages"}],"about":[{"href":"https:\/\/kobayashi-tools.com\/de\/wp-json\/wp\/v2\/types\/page"}],"author":[{"embeddable":true,"href":"https:\/\/kobayashi-tools.com\/de\/wp-json\/wp\/v2\/users\/1"}],"replies":[{"embeddable":true,"href":"https:\/\/kobayashi-tools.com\/de\/wp-json\/wp\/v2\/comments?post=4"}],"version-history":[{"count":10,"href":"https:\/\/kobayashi-tools.com\/de\/wp-json\/wp\/v2\/pages\/4\/revisions"}],"predecessor-version":[{"id":186,"href":"https:\/\/kobayashi-tools.com\/de\/wp-json\/wp\/v2\/pages\/4\/revisions\/186"}],"wp:attachment":[{"href":"https:\/\/kobayashi-tools.com\/de\/wp-json\/wp\/v2\/media?parent=4"}],"curies":[{"name":"wp","href":"https:\/\/api.w.org\/{rel}","templated":true}]}}