{"id":15,"date":"2017-12-19T13:18:53","date_gmt":"2017-12-19T12:18:53","guid":{"rendered":"http:\/\/kobayashi-tools.com\/de\/?page_id=15"},"modified":"2017-12-19T13:28:39","modified_gmt":"2017-12-19T12:28:39","slug":"quality","status":"publish","type":"page","link":"https:\/\/kobayashi-tools.com\/de\/quality","title":{"rendered":"Hochwertige Produkte von KOBAYASH TOOL MFG"},"content":{"rendered":"<div class=\"row\">\n<h2>Die au\u00dferordentliche Haltbarkeit der \u201aForging\u2019 Technologien<\/h2>\n<div class=\"box-2cols\">\n<div>Seit der Gr\u00fcndung im Jahr 1963 ist KOBAYASHI TOOL MFG \u00fcber &#8221; Pr\u00e4zisions-Warmschmieden&#8221; in der Herstellung von Werkzeugen und Messern exzellent aufgestellt. Seit \u00fcber einem halben Jahrhundert stellen unsere hochqualifizierten Fachkr\u00e4fte Schneidewerkzeuge her, die heutzutage von Ingenieuren auf der ganzen Welt genutzt werden. Das &#8220;Pr\u00e4zisions-Warmschmieden&#8221; \u2013 eine eigens von der KOBAYASHI TOOL MFG entwickelte Technologie &#8211; stellt dabei unsere Kernkompetenz dar. Durch den Einsatz unseres einzigartigen Schmiedeprozesses besitzen wir gegen\u00fcber anderen Unternehmen bei der Herstellung d\u00fcnner Klingen einen deutlichen Qualit\u00e4ts- und Wettbewerbsvorteil. Im Gegensatz zu Produkten aus anderen Herstellungsverfahren ist Ihnen beim Einsatz unserer Produkte eine hervorragende Haltbarkeit garantiert.<\/div>\n<div><img decoding=\"async\" loading=\"lazy\" src=\"https:\/\/kobayashi-tools.com\/de\/wp-content\/themes\/kobayashi_tools\/img\/img_cutting.jpg\" alt=\"Werkzeug \u00b7 Besteck\" width=\"720\" height=\"720\" \/><\/div>\n<\/div>\n<p><!-- \/.box-2cols --><\/p>\n<\/div>\n<p><!-- \/.row --><\/p>\n<div class=\"row\">\n<h2>Sehen Sie unsere Qualit\u00e4t<\/h2>\n<p>Die Mikrofotografien (50-fache Vergr\u00f6\u00dferung) unten zeigen den Vergleich des Dauertestergebnisses (500-fach-Schneidtest von 325 mm\u00b2 Kupferdr\u00e4hten) unter; (a) A Geschmiedete Cutter (KOBAYASHI TOOL MFG Produkt), (b) Wachsausschmelzverfahren Cutter (Produkt von Taiwan) , (c) Stanzbearbeitungsschneider (hergestellt aus Plattenmaterial) (Produkt aus China)<\/p>\n<h3>(a) Geschmiedete Klinge (Produkt KOBAYASHI TOOL MFG)<\/h3>\n<div class=\"box-3cols test-results\">\n<div><img decoding=\"async\" loading=\"lazy\" src=\"https:\/\/kobayashi-tools.com\/de\/wp-content\/themes\/kobayashi_tools\/img\/img_quality002.png\" alt=\"Before cutting test\" width=\"720\" height=\"720\" \/>Vor dem Schneidetest<\/div>\n<div class=\"arrow\"><img decoding=\"async\" src=\"https:\/\/kobayashi-tools.com\/de\/wp-content\/themes\/kobayashi_tools\/img\/arrow-12.svg\" alt=\"Before cutting test\" \/><\/div>\n<div><img decoding=\"async\" loading=\"lazy\" src=\"https:\/\/kobayashi-tools.com\/de\/wp-content\/themes\/kobayashi_tools\/img\/img_quality_before002.png\" alt=\"forged Blade\" width=\"720\" height=\"720\" \/>Nach 500-malem Schneidtest von 325 mm\u00b2 Kupferdr\u00e4hten<\/div>\n<\/div>\n<p><!-- \/.box-3cols --><\/p>\n<p>Der hellere wei\u00dfe Bereich entlang der Kante der Klinge zeigt nach dem Test, dass die urspr\u00fcngliche schwarze Oberfl\u00e4che (Korrosionsbest\u00e4ndigkeit) abgeschliffen wurde. Die Struktur der Kante bleibt trotz der Belastung des Schneidversuchs vollst\u00e4ndig erhalten. Die Sch\u00e4rfe der Klinge wird meistens beibehalten und ist fast so scharf wie vor der Pr\u00fcfung.<\/p>\n<h3>(b) Wachsausschmelzverfahren (Produkt aus Taiwan)<\/h3>\n<div class=\"box-3cols test-results\">\n<div><img decoding=\"async\" loading=\"lazy\" src=\"https:\/\/kobayashi-tools.com\/de\/wp-content\/themes\/kobayashi_tools\/img\/img_quality_before003.png\" alt=\"Before cutting test\" width=\"720\" height=\"720\" \/>Vor dem Schneidetest<\/div>\n<div class=\"arrow\"><img decoding=\"async\" src=\"https:\/\/kobayashi-tools.com\/de\/wp-content\/themes\/kobayashi_tools\/img\/arrow-12.svg\" alt=\"Before cutting test\" \/><\/div>\n<div><img decoding=\"async\" loading=\"lazy\" src=\"https:\/\/kobayashi-tools.com\/de\/wp-content\/themes\/kobayashi_tools\/img\/img_quality003.png\" alt=\"500 times cutting test\" width=\"720\" height=\"720\" \/>Nach 500-malem Schneidtest von 325 mm\u00b2 Kupferdr\u00e4hten<\/div>\n<\/div>\n<p><!-- \/.box-3cols --><\/p>\n<p>Die Kante (geschliffener Teil) ist vollst\u00e4ndig verloren und gebrochen. Wenn man es l\u00e4nger benutzt, ist die Nutzungsdauer schon zu Ende. Die vielen Gr\u00e4ben auf der Klingenoberfl\u00e4che sind Kratzspuren, w\u00e4hrend des Schneidetests durch Kupferdraht gekratzt wurde.<\/p>\n<h3>(c) Stanzbearbeitungsschneider (hergestellt aus Plattenmaterial) (Produkt aus China)<\/h3>\n<div class=\"box-3cols test-results\">\n<div><img decoding=\"async\" loading=\"lazy\" src=\"https:\/\/kobayashi-tools.com\/de\/wp-content\/themes\/kobayashi_tools\/img\/img_quality_before004.png\" alt=\"Before cutting test\" width=\"720\" height=\"720\" \/>Vor dem Schneidetest<\/div>\n<div class=\"arrow\"><img decoding=\"async\" src=\"https:\/\/kobayashi-tools.com\/de\/wp-content\/themes\/kobayashi_tools\/img\/arrow-12.svg\" alt=\"Before cutting test\" \/><\/div>\n<div><img decoding=\"async\" loading=\"lazy\" src=\"https:\/\/kobayashi-tools.com\/de\/wp-content\/themes\/kobayashi_tools\/img\/img_quality004.png\" alt=\"500 times cutting test\" width=\"720\" height=\"720\" \/>Nach 400-malem Schneidtest von 325 mm\u00b2 Kupferdr\u00e4hten<\/div>\n<\/div>\n<p><!-- \/.box-3cols --><\/p>\n<p>Durch den 400 Schnitt war dieser Cutter gebrochen (die Grifffedern waren kaputt). An diesem Punkt wurde der Test beendet. Das Foto zeigt zu diesem Zeitpunkt den Zustand der Klinge. Der Rand (geschliffene Fl\u00e4che) ist vollst\u00e4ndig zerst\u00f6rt und zerbrochen, und wir konnten den Test nicht weiterf\u00fchren. Die vielen Gr\u00e4ben auf der Klingenoberfl\u00e4che sind Kratzspuren, w\u00e4hrend des Schneidetests durch Kupferdraht gekratzt wurde.<\/p>\n<\/div>\n<p><!-- \/.row --><\/p>\n<div class=\"row\">\n<h2>Was f\u00fcr KOBAYASHI TOOL MFG wichtig ist<\/h2>\n<h3>H\u00f6chste Qualit\u00e4t und angemessene Preise<\/h3>\n<p>Die Qualit\u00e4t von Klingen die durch unseren Schmiedeprozess hergestellt werden ist nicht mit der Qualit\u00e4t von Produkten, die durch ein Gie\u00dfverfahren (\u201aLost Wax\u2019) hergestellt werden, vergleichbar. Blattsch\u00e4den k\u00f6nnen durch den Schmiedeprozess von Beginn an vermieden werden. Dar\u00fcber hinaus werden alle Herstellungsschritte nach Fertigstellung des Produkts noch einmal sorgf\u00e4ltig gepr\u00fcft. Durch die Nutzung der Design-Technologie von erfahrenen Entwicklern streben wir Kompaktheit und Wartbarkeit unserer Produkte an. Mit unseren strengen Anforderungen an das Qualit\u00e4tsmanagement wollen wir stets die h\u00f6chste Qualit\u00e4t unserer Produkte sicherstellen \u2013 daf\u00fcr arbeiten und forschen wir jeden Tag mit h\u00f6chster Anstrengung. Unsere hochinnovativen Produkte werden nicht nur in Japan abgesetzt sondern auch in gro\u00dfem Umfang in die Vereinigten Staaten, Europa und andere asiatische L\u00e4nder exportiert.<br \/>\nUnsere Produkte stehen f\u00fcr eine langj\u00e4hrige Einsetzbarkeit mit minimalen Verschlei\u00dferscheinungen \u2013 erm\u00f6glicht durch unsere hochinnovative Technologie. Einzelne Funktionsteile k\u00f6nnen dar\u00fcberhinaus einfach ausgetauscht werden, sodass unsere Produkte einfach und ohne Probleme f\u00fcr lange Zeitr\u00e4ume verwendet werden k\u00f6nnen.<\/p>\n<h3>Flexibel einsetzbar in allen Situationen<\/h3>\n<p>Wir sind stolz, bei der Entwicklung von OEM Produkten und Ratschen-Kabelschneidern mit unserer hohen Innovationskraft, unseren zahlreichen Patenten und langj\u00e4hrigen Expertise im Bereich der Schmiedetechnologie (Haltbarkeit der Produkte) einer der weltweit f\u00fchrenden Werkzeughersteller zu sein. Unser Qualit\u00e4tsversprechen \u201eMade in Japan\u201c hat f\u00fcr uns h\u00f6chste Priorit\u00e4t und wir sind uns sicher, dass wir auch in Zukunft mit unseren Ma\u00dfnahmen zur Qualit\u00e4tssicherung und unserer hohen Anpassungsf\u00e4higkeit an neue Marktbedingungen hochqualitative L\u00f6sungen anbieten werden.<\/p>\n<h3>Alles f\u00fcr den Endnutzer<\/h3>\n<p>KOBAYASHI TOOL MFG liefert hochqualitative OEMs an f\u00fchrende Werkzeughersteller weltweit. Unser Ziel ist es, die sichersten und benutzerfreundlichsten Produkte f\u00fcr unsere Kunden auf der ganzen Welt herzustellen. Beispielsweise haben wir in den vergangenen Jahren die Gr\u00f6\u00dfe und das Gewicht unserer Werkzeuge reduziert, um so die Benutzerfreundlichkeit unserer Produkte zu erh\u00f6hen. Eine schnelle Reaktionszeit auf die Bed\u00fcrfnisse unserer Kunden z\u00e4hlt zu den obersten Maximen unseres Handelns. Derzeit sind wir in Japan der einzige Hersteller des manuell geschmiedeten Ratschen-Kabelschneiders.<\/p>\n<\/div>\n<p><!-- \/.row --><\/p>\n<div class=\"row contact-lg\"><a href=\"https:\/\/kobayashi-tools.com\/de\/contact\">Bitte kontaktieren Sie uns hier.<\/a><\/div>\n<p><!-- \/.row --><\/p>\n","protected":false},"excerpt":{"rendered":"<p>Die au\u00dferordentliche Haltbarkeit der \u201aForging\u2019 Technologien Seit der Gr\u00fcndung im Jahr 1963 ist KOBAYASHI TOOL  [&hellip;]<\/p>\n","protected":false},"author":1,"featured_media":0,"parent":0,"menu_order":0,"comment_status":"closed","ping_status":"closed","template":"","meta":[],"aioseo_notices":[],"_links":{"self":[{"href":"https:\/\/kobayashi-tools.com\/de\/wp-json\/wp\/v2\/pages\/15"}],"collection":[{"href":"https:\/\/kobayashi-tools.com\/de\/wp-json\/wp\/v2\/pages"}],"about":[{"href":"https:\/\/kobayashi-tools.com\/de\/wp-json\/wp\/v2\/types\/page"}],"author":[{"embeddable":true,"href":"https:\/\/kobayashi-tools.com\/de\/wp-json\/wp\/v2\/users\/1"}],"replies":[{"embeddable":true,"href":"https:\/\/kobayashi-tools.com\/de\/wp-json\/wp\/v2\/comments?post=15"}],"version-history":[{"count":3,"href":"https:\/\/kobayashi-tools.com\/de\/wp-json\/wp\/v2\/pages\/15\/revisions"}],"predecessor-version":[{"id":18,"href":"https:\/\/kobayashi-tools.com\/de\/wp-json\/wp\/v2\/pages\/15\/revisions\/18"}],"wp:attachment":[{"href":"https:\/\/kobayashi-tools.com\/de\/wp-json\/wp\/v2\/media?parent=15"}],"curies":[{"name":"wp","href":"https:\/\/api.w.org\/{rel}","templated":true}]}}